{"id":901,"date":"2018-08-17T21:43:41","date_gmt":"2018-08-17T21:43:41","guid":{"rendered":"https:\/\/controlpublicoyluchacontralacorrupcion.com\/?page_id=901"},"modified":"2026-01-30T21:43:51","modified_gmt":"2026-01-30T21:43:51","slug":"congreso","status":"publish","type":"page","link":"https:\/\/controlpublicoyluchacontralacorrupcion.com\/es\/congreso\/","title":{"rendered":"Congreso"},"content":{"rendered":"<div class=\"wpb-content-wrapper\"><p>[vc_row full_width=\u00bbstretch_row\u00bb css=\u00bb.vc_custom_1534586036661{margin-bottom: 0px !important;padding-top: 40px !important;padding-bottom: 100px !important;background-color: #f2f2f2 !important;}\u00bb][vc_column width=\u00bb4\/12&#8243;][vc_single_image image=\u00bb6215&#8243; img_size=\u00bbfull\u00bb alignment=\u00bbcenter\u00bb css=\u00bb\u00bb][vc_empty_space height=\u00bb15px\u00bb]<div class=\"themeum-button anchominimo\" style=\"display: inline; text-align:center;display:block;\"><a data-hover-color=\"#ffffff\" data-hover-bg-color=\"#0a0e11\"  class=\"thm-color themeum_button_shortcode\" style=\"font-size:16px;line-height:16px;color:#ffffff;background:#29333f;border-radius:4px;font-weight:500;margin:0 20px 15px 0;padding:15px 30px;display:inline-block\" href=\"\/wp-content\/uploads\/2026\/01\/congreso3.pdf\" target=\"_blank\">PROGRAMA Y HORARIO<\/a><\/div><div class=\"themeum-button \" style=\"display: inline; text-align:center;display:block;\"><a data-hover-color=\"#ffffff\" data-hover-bg-color=\"#0a0e11\"  class=\"thm-color themeum_button_shortcode\" style=\"font-size:16px;line-height:16px;color:#ffffff;background:#29333f;border-radius:4px;font-weight:500;margin:0 20px 15px 0;padding:15px 30px;display:inline-block\" href=\"#entidades\" target=\"_self\">ENTIDADES<\/a><\/div><div class=\"themeum-button \" style=\"display: inline; text-align:center;display:block;\"><a data-hover-color=\"#ffffff\" data-hover-bg-color=\"#0a0e11\"  class=\"thm-color themeum_button_shortcode\" style=\"font-size:16px;line-height:16px;color:#ffffff;background:#29333f;border-radius:4px;font-weight:500;margin:0 20px 15px 0;padding:15px 30px;display:inline-block\" href=\"\/wp-content\/uploads\/2025\/11\/CONDICOES2026.pdf\" target=\"_blank\">CONDICIONES GENERALES<\/a><\/div><div class=\"themeum-button \" style=\"display: inline; text-align:center;display:block;\"><a data-hover-color=\"#ffffff\" data-hover-bg-color=\"#0a0e11\"  class=\"thm-color themeum_button_shortcode\" style=\"font-size:16px;line-height:16px;color:#ffffff;background:#29333f;border-radius:4px;font-weight:500;margin:0 20px 15px 0;padding:15px 30px;display:inline-block\" href=\"\/wp-content\/uploads\/2025\/11\/Orcamento2026.pdf\" target=\"_blank\">PRESUPUESTOS<\/a><\/div>[\/vc_column][vc_column width=\u00bb8\/12&#8243;]<div class=\"themeum-title  rtl-right\" style=\"text-align:left;\"><h3 class=\"style-title\" style=\"font-weight:700;font-size:36px;line-height: normal;color:#6e363f;\">VII Congreso Internacional de Control P\u00fablico y Lucha Contra la Corrupci\u00f3n.<\/h3><h4 class=\"style-sub-title\" style=\"font-size:24px;font-weight:600;color:#0a0a0a;\">Del 2 al 6 de Marzo de 2026, Granada<\/h4><\/div>[vc_empty_space height=\u00bb25px\u00bb][vc_column_text css=\u00bb\u00bb]<\/p>\n<p data-start=\"0\" data-end=\"312\"><strong data-start=\"0\" data-end=\"310\">La ciudad de Granada, s\u00edmbolo de historia, cultura y di\u00e1logo entre pueblos, ser\u00e1 el escenario del VII Congreso Internacional de Control y Lucha Contra la Corrupci\u00f3n, uno de los encuentros anuales m\u00e1s importantes dedicados al fortalecimiento de la integridad p\u00fablica y a la promoci\u00f3n de la buena gobernanza.<\/strong><\/p>\n<p data-start=\"314\" data-end=\"725\">Con el tema \u201cLa dignidad humana como protagonista de las acciones del control externo: controlar para mejorar la vida de las personas\u201d, el congreso reunir\u00e1 a especialistas y conferencistas de renombre internacional, incluyendo representantes de los Tribunales de Cuentas de Brasil, Portugal, Angola y Espa\u00f1a, as\u00ed como miembros del Ministerio P\u00fablico de Cuentas, de la academia y de organismos internacionales.<\/p>\n<p data-start=\"727\" data-end=\"991\">El evento se consolida como un espacio de reflexi\u00f3n, cooperaci\u00f3n e intercambio de experiencias, orientado a promover el perfeccionamiento de las instituciones de control y la construcci\u00f3n de pol\u00edticas p\u00fablicas que tengan como centro el bienestar de las personas.<\/p>\n<p data-start=\"993\" data-end=\"1124\">Profesor Doctor Antonio Arias Rodr\u00edguez<br data-start=\"1032\" data-end=\"1035\" \/>Profesor Doctor Sebasti\u00e3o Helv\u00e9cio Ramos de Castro<br data-start=\"1085\" data-end=\"1088\" \/>Directores acad\u00e9micos del Congreso<\/p>\n<p>[\/vc_column_text][vc_empty_space height=\u00bb15px\u00bb]<div class=\"themeum-button \" style=\"display: inline; text-align:center;display:block;\"><a data-hover-color=\"#ffffff\" data-hover-bg-color=\"#441723\"  class=\"thm-color themeum_button_shortcode\" style=\"font-size:16px;line-height:16px;color:#ffffff;background:#6e363f;border-radius:4px;font-weight:500;margin:0 20px 15px 0;padding:15px 30px;display:inline-block\" href=\"https:\/\/controlpublicoyluchacontralacorrupcion.com\/inscripcion\/\" target=\"_self\">INSCRIPCI\u00d3N<\/a><\/div>[\/vc_column][\/vc_row][vc_row full_width=\u00bbstretch_row\u00bb css=\u00bb.vc_custom_1536646807237{margin-top: 0px !important;margin-bottom: 0px !important;padding-top: 70px !important;padding-bottom: 100px !important;background-image: url(https:\/\/controlpublicoyluchacontralacorrupcion.com\/wp-content\/uploads\/2018\/09\/home-sponsors-bg.jpg?id=1166) !important;background-position: center !important;background-repeat: no-repeat !important;background-size: cover !important;}\u00bb el_id=\u00bbentidades\u00bb][vc_column]<div class=\"themeum-title  \" style=\"text-align:center;\"><h3 class=\"style-title\" style=\"margin:0 0 5px 0;font-weight:900;font-size:36px;line-height: normal;color:#333333;\">Entidades del Congreso<\/h3><\/div><div class=\"themeum-title  \" style=\"text-align:center;\"><h3 class=\"style-title\" style=\"margin:50px 0 40px 0;font-weight:700;font-size:24px;line-height: normal;color:#333333;\">Entidades Acad\u00e9micas<\/h3><\/div>[vc_row_inner css=\u00bb.vc_custom_1444117965172{margin-bottom: 0px !important;}\u00bb][vc_column_inner width=\u00bb1\/3&#8243;][vc_single_image image=\u00bb883&#8243; img_size=\u00bbfull\u00bb alignment=\u00bbcenter\u00bb css=\u00bb.vc_custom_1534540309110{margin-bottom: 30px !important;}\u00bb][\/vc_column_inner][vc_column_inner width=\u00bb1\/3&#8243;][\/vc_column_inner][vc_column_inner width=\u00bb1\/3&#8243;][vc_single_image image=\u00bb4109&#8243; img_size=\u00bbfull\u00bb alignment=\u00bbcenter\u00bb css=\u00bb.vc_custom_1733314001928{margin-bottom: 30px !important;}\u00bb][\/vc_column_inner][\/vc_row_inner]<div class=\"themeum-title  \" style=\"text-align:center;\"><h3 class=\"style-title\" style=\"margin:80px 0 40px 0;font-weight:700;font-size:24px;line-height: normal;color:#333333;\">Entidades Colaboradoras<\/h3><\/div>[vc_row_inner css=\u00bb.vc_custom_1444117965172{margin-bottom: 0px !important;}\u00bb][vc_column_inner width=\u00bb1\/3&#8243;][vc_single_image image=\u00bb4257&#8243; img_size=\u00bbfull\u00bb alignment=\u00bbcenter\u00bb css=\u00bb.vc_custom_1739399964456{margin-bottom: 30px !important;}\u00bb][\/vc_column_inner][vc_column_inner width=\u00bb1\/3&#8243;][\/vc_column_inner][vc_column_inner width=\u00bb1\/3&#8243;][vc_single_image image=\u00bb881&#8243; img_size=\u00bbfull\u00bb alignment=\u00bbcenter\u00bb css=\u00bb.vc_custom_1534539942504{margin-bottom: 30px !important;}\u00bb][\/vc_column_inner][\/vc_row_inner]<div class=\"themeum-title  \" style=\"text-align:center;\"><h3 class=\"style-title\" style=\"margin:50px 0 40px 0;font-weight:700;font-size:24px;line-height: normal;color:#333333;\">Entidad Organizadora<\/h3><\/div>[vc_row_inner css=\u00bb.vc_custom_1444117965172{margin-bottom: 0px !important;}\u00bb][vc_column_inner width=\u00bb1\/3&#8243;][\/vc_column_inner][vc_column_inner width=\u00bb1\/3&#8243;][vc_single_image image=\u00bb885&#8243; img_size=\u00bbfull\u00bb alignment=\u00bbcenter\u00bb css=\u00bb.vc_custom_1534766562880{margin-bottom: 30px !important;}\u00bb][\/vc_column_inner][vc_column_inner width=\u00bb1\/3&#8243;][\/vc_column_inner][\/vc_row_inner][\/vc_column][\/vc_row]<\/p>\n<\/div>","protected":false},"excerpt":{"rendered":"<p>[vc_row full_width=\u00bbstretch_row\u00bb css=\u00bb.vc_custom_1534586036661{margin-bottom: 0px !important;padding-top: 40px !important;padding-bottom: 100px !important;background-color: #f2f2f2 !important;}\u00bb][vc_column width=\u00bb4\/12&#8243;][vc_single_image image=\u00bb6215&#8243; img_size=\u00bbfull\u00bb alignment=\u00bbcenter\u00bb css=\u00bb\u00bb][vc_empty_space height=\u00bb15px\u00bb][\/vc_column][vc_column width=\u00bb8\/12&#8243;][vc_empty_space height=\u00bb25px\u00bb][vc_column_text css=\u00bb\u00bb] La ciudad de Granada, s\u00edmbolo de historia, cultura y di\u00e1logo entre pueblos, ser\u00e1 el escenario del VII Congreso Internacional de Control y Lucha Contra la Corrupci\u00f3n, uno de los encuentros anuales m\u00e1s importantes dedicados al&nbsp;<\/p>\n<p><a class=\"btn btn-style\" href=\"https:\/\/controlpublicoyluchacontralacorrupcion.com\/es\/congreso\/\">Continue Reading<\/a><\/p>\n","protected":false},"author":2,"featured_media":0,"parent":0,"menu_order":0,"comment_status":"closed","ping_status":"closed","template":"homepage.php","meta":{"footnotes":""},"class_list":["post-901","page","type-page","status-publish","hentry"],"_links":{"self":[{"href":"https:\/\/controlpublicoyluchacontralacorrupcion.com\/es\/wp-json\/wp\/v2\/pages\/901","targetHints":{"allow":["GET"]}}],"collection":[{"href":"https:\/\/controlpublicoyluchacontralacorrupcion.com\/es\/wp-json\/wp\/v2\/pages"}],"about":[{"href":"https:\/\/controlpublicoyluchacontralacorrupcion.com\/es\/wp-json\/wp\/v2\/types\/page"}],"author":[{"embeddable":true,"href":"https:\/\/controlpublicoyluchacontralacorrupcion.com\/es\/wp-json\/wp\/v2\/users\/2"}],"replies":[{"embeddable":true,"href":"https:\/\/controlpublicoyluchacontralacorrupcion.com\/es\/wp-json\/wp\/v2\/comments?post=901"}],"version-history":[{"count":114,"href":"https:\/\/controlpublicoyluchacontralacorrupcion.com\/es\/wp-json\/wp\/v2\/pages\/901\/revisions"}],"predecessor-version":[{"id":6373,"href":"https:\/\/controlpublicoyluchacontralacorrupcion.com\/es\/wp-json\/wp\/v2\/pages\/901\/revisions\/6373"}],"wp:attachment":[{"href":"https:\/\/controlpublicoyluchacontralacorrupcion.com\/es\/wp-json\/wp\/v2\/media?parent=901"}],"curies":[{"name":"wp","href":"https:\/\/api.w.org\/{rel}","templated":true}]}}