{"id":894,"date":"2018-08-17T21:41:30","date_gmt":"2018-08-17T21:41:30","guid":{"rendered":"https:\/\/controlpublicoyluchacontralacorrupcion.com\/?page_id=894"},"modified":"2026-01-10T18:51:43","modified_gmt":"2026-01-10T18:51:43","slug":"inscripcion","status":"publish","type":"page","link":"https:\/\/controlpublicoyluchacontralacorrupcion.com\/es\/inscripcion\/","title":{"rendered":"Inscripci\u00f3n"},"content":{"rendered":"<div class=\"wpb-content-wrapper\"><p>[vc_row][vc_column][vc_column_text]<\/p>\n<h2 style=\"text-align: center;\">INSCRIPCI\u00d3N CONGRESO<\/h2>\n<p>[\/vc_column_text][vc_column_text css=\u00bb\u00bb]El importe total de Inscripci\u00f3n y Matriculaci\u00f3n en el VII Congreso Internacional de Control P\u00fablico y Lucha contra la Corrupci\u00f3n es de 980 \u20ac<\/p>\n<p>Para realizar la inscripci\u00f3n, Rellenar el formulario de INSCRIPCI\u00d3N y realice el pago correspondiente a la misma.<\/p>\n<p>Tras recibir el pago de la inscripci\u00f3n, le enviaremos una confirmaci\u00f3n por correo electr\u00f3nico con el n\u00famero de inscripci\u00f3n que le sea asignado,<\/p>\n<p>P\u00f3ngase en contacto con la organizaci\u00f3n si necesita ayuda o aclaraci\u00f3n.<\/p>\n<p>El pago puede ser realizado a trav\u00e9s de tarjeta de Cr\u00e9dito o a trav\u00e9s de Transferencia Bancaria. Encontrar\u00e1 todos los datos necesarios en la p\u00e1gina siguiente.<\/p>\n<p style=\"text-align: center;\"><b>Datos de la cuenta:<\/b><br \/>\nGOES \u2013 Gesti\u00f3n y Organizaci\u00f3n de Estancias en Salamanca, S.L.<br \/>\nBanco Sabadell<br \/>\nIBAN: ES28 0081 4337 7900 0122 3633<br \/>\nSWIFT o BIC: BSABESBB<\/p>\n<p>Una vez que el pago est\u00e9 confirmado por el banco Sabadell recibir\u00e1 un email confirmando su inscripci\u00f3n y pago correspondiente.<\/p>\n<p>Si desea usted reservar servicios complementarios al Congreso, le ofrecemos servicios espec\u00edficos (Hoteles, Seguro de Viaje) con tarifas \u00fanicas para el Congreso. Haga <a href=\"\/hoteles-y-otros-servicios\/\" target=\"_blank\" rel=\"noopener\" data-saferedirecturl=\"https:\/\/www.google.com\/url?q=https:\/\/controlpublicoyluchacontralacorrupcion.com\/hoteles-y-otros-servicios\/&amp;source=gmail&amp;ust=1581142414133000&amp;usg=AFQjCNGC5WvfCrtYKa8odK2elboKIB_9Pg\">click aqu\u00ed<\/a>.<\/p>\n<p style=\"text-align: left;\">Para proceder a realizar la Inscripci\u00f3n o cualquiera de los pagos de Matriculaci\u00f3n, por favor haga click en <a href=\"https:\/\/controlpublicoyluchacontralacorrupcion.com\/inscripcion-2\/\">Siguiente<\/a>.<br \/>\nSi desea usted un presupuesto de matriculaci\u00f3n, por favor haga click <a href=\"https:\/\/controlpublicoyluchacontralacorrupcion.com\/\/wp-content\/uploads\/2024\/11\/orcamento-VI.pdf\">aqu\u00ed<\/a>.<\/p>\n<p>[\/vc_column_text][\/vc_column][\/vc_row][vc_row][vc_column width=\u00bb1\/2&#8243;]<div class=\"themeum-button \" style=\"display: inline; text-align:center;display:block;\"><a data-hover-color=\"#ffffff\" data-hover-bg-color=\"#0a0e11\"  class=\"thm-color themeum_button_shortcode\" style=\"font-size:16px;line-height:16px;color:#ffffff;background:#29333f;border-radius:4px;font-weight:500;margin:0 20px 15px 0;padding:15px 30px;display:inline-block\" href=\"\/wp-content\/uploads\/2024\/11\/orcamento-VI.pdf\" target=\"_blank\">PRESUPUESTO<\/a><\/div>[\/vc_column][vc_column width=\u00bb1\/2&#8243;]<div class=\"themeum-button anchominimo\" style=\"display: inline; text-align:center;display:block;\"><a data-hover-color=\"#ffffff\" data-hover-bg-color=\"#0a0e11\"  class=\"thm-color themeum_button_shortcode\" style=\"font-size:16px;line-height:16px;color:#ffffff;background:#29333f;border-radius:4px;font-weight:500;margin:0 20px 15px 0;padding:15px 30px;display:inline-block\" href=\"\/inscripcion-2\" target=\"_self\">INSCRIPCI\u00d3N<\/a><\/div>[\/vc_column][\/vc_row]<\/p>\n<\/div>","protected":false},"excerpt":{"rendered":"<p>[vc_row][vc_column][vc_column_text] INSCRIPCI\u00d3N CONGRESO [\/vc_column_text][vc_column_text css=\u00bb\u00bb]El importe total de Inscripci\u00f3n y Matriculaci\u00f3n en el VII Congreso Internacional de Control P\u00fablico y Lucha contra la Corrupci\u00f3n es de 980 \u20ac Para realizar la inscripci\u00f3n, Rellenar el formulario de INSCRIPCI\u00d3N y realice el pago correspondiente a la misma. Tras recibir el pago de la inscripci\u00f3n, le enviaremos una&nbsp;<\/p>\n<p><a class=\"btn btn-style\" href=\"https:\/\/controlpublicoyluchacontralacorrupcion.com\/es\/inscripcion\/\">Continue Reading<\/a><\/p>\n","protected":false},"author":2,"featured_media":0,"parent":0,"menu_order":0,"comment_status":"closed","ping_status":"closed","template":"homepage.php","meta":{"footnotes":""},"class_list":["post-894","page","type-page","status-publish","hentry"],"_links":{"self":[{"href":"https:\/\/controlpublicoyluchacontralacorrupcion.com\/es\/wp-json\/wp\/v2\/pages\/894","targetHints":{"allow":["GET"]}}],"collection":[{"href":"https:\/\/controlpublicoyluchacontralacorrupcion.com\/es\/wp-json\/wp\/v2\/pages"}],"about":[{"href":"https:\/\/controlpublicoyluchacontralacorrupcion.com\/es\/wp-json\/wp\/v2\/types\/page"}],"author":[{"embeddable":true,"href":"https:\/\/controlpublicoyluchacontralacorrupcion.com\/es\/wp-json\/wp\/v2\/users\/2"}],"replies":[{"embeddable":true,"href":"https:\/\/controlpublicoyluchacontralacorrupcion.com\/es\/wp-json\/wp\/v2\/comments?post=894"}],"version-history":[{"count":21,"href":"https:\/\/controlpublicoyluchacontralacorrupcion.com\/es\/wp-json\/wp\/v2\/pages\/894\/revisions"}],"predecessor-version":[{"id":6278,"href":"https:\/\/controlpublicoyluchacontralacorrupcion.com\/es\/wp-json\/wp\/v2\/pages\/894\/revisions\/6278"}],"wp:attachment":[{"href":"https:\/\/controlpublicoyluchacontralacorrupcion.com\/es\/wp-json\/wp\/v2\/media?parent=894"}],"curies":[{"name":"wp","href":"https:\/\/api.w.org\/{rel}","templated":true}]}}