{"id":1416,"date":"2018-10-10T09:18:46","date_gmt":"2018-10-10T09:18:46","guid":{"rendered":"https:\/\/controlpublicoyluchacontralacorrupcion.com\/1347-2-2\/"},"modified":"2025-11-11T19:04:38","modified_gmt":"2025-11-11T19:04:38","slug":"inscripcion-2","status":"publish","type":"page","link":"https:\/\/controlpublicoyluchacontralacorrupcion.com\/es\/inscripcion-2\/","title":{"rendered":"Inscripci\u00f3n"},"content":{"rendered":"<div class=\"wpb-content-wrapper\"><p>[vc_row][vc_column][vc_column_text css=\u00bb\u00bb]<\/p>\n<p style=\"text-align: center;\">El pago puede ser efectuado a trav\u00e9s de una de las dos modalidades: transferencia bancaria o tarjeta de cr\u00e9dito (online). El cliente debe indicar en la p\u00e1gina de inscripci\u00f3n la opci\u00f3n seleccionada.<\/p>\n<hr style=\"border: 1px solid; margin-bottom: 10px;\" \/>\n<div class=\"woocommerce columns-3\">\n<h3 style=\"text-align: center;\">Inscripci\u00f3n<\/h3>\n<p style=\"text-align: center;\"><span class=\"price\"><span class=\"amount\">980.00\u20ac<\/span><\/span><br \/>\n<a class=\"button\" style=\"float: inherit;\" href=\"\/pt-br\/tienda?clear-cart&amp;add-to-cart=6210&amp;quantity=1\" rel=\"nofollow\" data-product_id=\"1775\" data-product_sku=\"\" data-quantity=\"1\">PAGO<\/a><\/p>\n<\/div>\n<hr style=\"border: 1px solid; margin-bottom: 10px;\" \/>\n<p style=\"text-align: center;\">La inscripci\u00f3n en el programa y curso se considera v\u00e1lida en el momento en que la empresa Goes recibe la confirmaci\u00f3n de la transferencia bancaria o pago online por tarjeta de cr\u00e9dito realizada por el cliente, en el n\u00famero de cuenta facilitado por Goes, en concepto de pago de la(s) etapa(s) correspondientes a la fecha en que efect\u00faa la inscripci\u00f3n.<\/p>\n<p style=\"text-align: center;\">Si el cliente est\u00e1 interesado en solicitar un presupuesto para acompa\u00f1antes, por favor, p\u00f3ngase en contacto con GOES por correo electr\u00f3nico como se indica en la parte superior de esta p\u00e1gina.<\/p>\n<p style=\"text-align: center;\"><b>Es obligatorio realizar todos los pagos en euros.<\/b><\/p>\n<p style=\"text-align: center;\"><b>Datos de la cuenta:<\/b><br \/>\nGOES &#8211; Gesti\u00f3n y Organizaci\u00f3n de Estancias en Salamanca, S.L.<br \/>\nBanco Sabadell<br \/>\nIBAN: ES28 0081 4337 7900 0122 3633<br \/>\nSWIFT o BIC: BSABESBB<\/p>\n<p style=\"text-align: center;\">Una vez que el pago est\u00e9 confirmado por el banco Sabadell recibir\u00e1 un email confirmando su inscripci\u00f3n y pago correspondiente.<\/p>\n<p>[\/vc_column_text][\/vc_column][\/vc_row]<\/p>\n<\/div>","protected":false},"excerpt":{"rendered":"<p>[vc_row][vc_column][vc_column_text css=\u00bb\u00bb] El pago puede ser efectuado a trav\u00e9s de una de las dos modalidades: transferencia bancaria o tarjeta de cr\u00e9dito (online). El cliente debe indicar en la p\u00e1gina de inscripci\u00f3n la opci\u00f3n seleccionada. Inscripci\u00f3n 980.00\u20ac PAGO La inscripci\u00f3n en el programa y curso se considera v\u00e1lida en el momento en que la empresa Goes&nbsp;<\/p>\n<p><a class=\"btn btn-style\" href=\"https:\/\/controlpublicoyluchacontralacorrupcion.com\/es\/inscripcion-2\/\">Continue Reading<\/a><\/p>\n","protected":false},"author":2,"featured_media":0,"parent":0,"menu_order":0,"comment_status":"closed","ping_status":"closed","template":"homepage.php","meta":{"footnotes":""},"class_list":["post-1416","page","type-page","status-publish","hentry"],"_links":{"self":[{"href":"https:\/\/controlpublicoyluchacontralacorrupcion.com\/es\/wp-json\/wp\/v2\/pages\/1416","targetHints":{"allow":["GET"]}}],"collection":[{"href":"https:\/\/controlpublicoyluchacontralacorrupcion.com\/es\/wp-json\/wp\/v2\/pages"}],"about":[{"href":"https:\/\/controlpublicoyluchacontralacorrupcion.com\/es\/wp-json\/wp\/v2\/types\/page"}],"author":[{"embeddable":true,"href":"https:\/\/controlpublicoyluchacontralacorrupcion.com\/es\/wp-json\/wp\/v2\/users\/2"}],"replies":[{"embeddable":true,"href":"https:\/\/controlpublicoyluchacontralacorrupcion.com\/es\/wp-json\/wp\/v2\/comments?post=1416"}],"version-history":[{"count":32,"href":"https:\/\/controlpublicoyluchacontralacorrupcion.com\/es\/wp-json\/wp\/v2\/pages\/1416\/revisions"}],"predecessor-version":[{"id":6211,"href":"https:\/\/controlpublicoyluchacontralacorrupcion.com\/es\/wp-json\/wp\/v2\/pages\/1416\/revisions\/6211"}],"wp:attachment":[{"href":"https:\/\/controlpublicoyluchacontralacorrupcion.com\/es\/wp-json\/wp\/v2\/media?parent=1416"}],"curies":[{"name":"wp","href":"https:\/\/api.w.org\/{rel}","templated":true}]}}