{"id":1231,"date":"2018-10-02T20:32:14","date_gmt":"2018-10-02T20:32:14","guid":{"rendered":"https:\/\/controlpublicoyluchacontralacorrupcion.com\/?page_id=1231"},"modified":"2025-11-16T17:54:33","modified_gmt":"2025-11-16T17:54:33","slug":"hoteles","status":"publish","type":"page","link":"https:\/\/controlpublicoyluchacontralacorrupcion.com\/es\/hoteles\/","title":{"rendered":"Hoteles"},"content":{"rendered":"<div class=\"wpb-content-wrapper\"><p>[vc_row css=\u00bb.vc_custom_1534590666658{padding-top: 70px !important;padding-bottom: 70px !important;}\u00bb][vc_column][vc_single_image image=\u00bb6237&#8243; img_size=\u00bbfull\u00bb alignment=\u00bbright\u00bb onclick=\u00bbcustom_link\u00bb css=\u00bb\u00bb]<div class=\"themeum-title  \" style=\"text-align:center;\"><h3 class=\"style-title\" style=\"color:#000000;\">GRANADA<\/h3><\/div>[vc_column_text css=\u00bb\u00bb]<\/p>\n<div>\n<h3>Hospedagem Recomendada<\/h3>\n<p>Para maior comodidade dos participantes do\u00a0<b>VII Congresso Internacional de Controle e Luta Contra a Corrup\u00e7\u00e3o<\/b>, recomendamos o\u00a0<b>Hotel\u00a0<span class=\"gmail_default\">Granada\u00a0Center<\/span><\/b>, situado a poucos metros do local do evento.<\/p>\n<\/div>\n<div>\u00a0 \u00a0 \u00a0 \u00a0 \u00a0 \u00a0 \u00a0\u00a0Os participantes inscritos no Congresso poder\u00e3o usufruir de um\u00a0<b>desconto especial de 15%<\/b>\u00a0sobre as tarifas dispon\u00edveis no site oficial do hotel.<\/div>\n<div>\n<p><b>Como garantir o desconto:<\/b><\/p>\n<p>Ao realizar a reserva diretamente no site do hotel, utilize o\u00a0<b>c\u00f3digo promocional\u00a0<\/b> CICMAR ou informe que \u00e9 participante do Congresso.<\/p>\n<p>&nbsp;<\/p>\n<p>&nbsp;<\/p>\n<ul>\n<li>\u00a0I.Acceder a nuestra web y seleccionar HOTEL\u00a0GRANADA\u00a0CENTER.<\/li>\n<li>\u00a0<a href=\"https:\/\/www.hotelescenter.es\/es\/hotel-granada-center\/\" target=\"_blank\" rel=\"noopener\" data-saferedirecturl=\"https:\/\/www.google.com\/url?q=https:\/\/www.hotelescenter.es\/es\/hotel-granada-center\/&amp;source=gmail&amp;ust=1763126627417000&amp;usg=AOvVaw0kMeamqDnixmj5Igc4w2Np\">Hotel\u00a0Granada\u00a0Center\u00a04* | Web oficial &#8211; Mejor precio garantizado<\/a><\/li>\n<li>II.\u00a0 En la pesta\u00f1a PROMO, debemos poner el c\u00f3digo CICMAR <u><\/u><\/li>\n<li>III. Seleccionar la habitaci\u00f3n y r\u00e9gimen que m\u00e1s convenga y desee<\/li>\n<\/ul>\n<p>&nbsp;<\/p>\n<p><b>Recomenda\u00e7\u00e3o:<\/b><br \/>\nAntes de confirmar sua reserva, sugerimos comparar o valor final com as tarifas publicadas em plataformas como o\u00a0<b>Booking.com<\/b>, para verificar a melhor op\u00e7\u00e3o dispon\u00edvel no momento.<\/p>\n<\/div>\n<p>[\/vc_column_text][\/vc_column][\/vc_row]<\/p>\n<\/div>","protected":false},"excerpt":{"rendered":"<p>[vc_row css=\u00bb.vc_custom_1534590666658{padding-top: 70px !important;padding-bottom: 70px !important;}\u00bb][vc_column][vc_single_image image=\u00bb6237&#8243; img_size=\u00bbfull\u00bb alignment=\u00bbright\u00bb onclick=\u00bbcustom_link\u00bb css=\u00bb\u00bb][vc_column_text css=\u00bb\u00bb] Hospedagem Recomendada Para maior comodidade dos participantes do\u00a0VII Congresso Internacional de Controle e Luta Contra a Corrup\u00e7\u00e3o, recomendamos o\u00a0Hotel\u00a0Granada\u00a0Center, situado a poucos metros do local do evento. \u00a0 \u00a0 \u00a0 \u00a0 \u00a0 \u00a0 \u00a0\u00a0Os participantes inscritos no Congresso poder\u00e3o usufruir de um\u00a0desconto especial&nbsp;<\/p>\n<p><a class=\"btn btn-style\" href=\"https:\/\/controlpublicoyluchacontralacorrupcion.com\/es\/hoteles\/\">Continue Reading<\/a><\/p>\n","protected":false},"author":2,"featured_media":0,"parent":0,"menu_order":0,"comment_status":"closed","ping_status":"closed","template":"homepage.php","meta":{"footnotes":""},"class_list":["post-1231","page","type-page","status-publish","hentry"],"_links":{"self":[{"href":"https:\/\/controlpublicoyluchacontralacorrupcion.com\/es\/wp-json\/wp\/v2\/pages\/1231","targetHints":{"allow":["GET"]}}],"collection":[{"href":"https:\/\/controlpublicoyluchacontralacorrupcion.com\/es\/wp-json\/wp\/v2\/pages"}],"about":[{"href":"https:\/\/controlpublicoyluchacontralacorrupcion.com\/es\/wp-json\/wp\/v2\/types\/page"}],"author":[{"embeddable":true,"href":"https:\/\/controlpublicoyluchacontralacorrupcion.com\/es\/wp-json\/wp\/v2\/users\/2"}],"replies":[{"embeddable":true,"href":"https:\/\/controlpublicoyluchacontralacorrupcion.com\/es\/wp-json\/wp\/v2\/comments?post=1231"}],"version-history":[{"count":16,"href":"https:\/\/controlpublicoyluchacontralacorrupcion.com\/es\/wp-json\/wp\/v2\/pages\/1231\/revisions"}],"predecessor-version":[{"id":6254,"href":"https:\/\/controlpublicoyluchacontralacorrupcion.com\/es\/wp-json\/wp\/v2\/pages\/1231\/revisions\/6254"}],"wp:attachment":[{"href":"https:\/\/controlpublicoyluchacontralacorrupcion.com\/es\/wp-json\/wp\/v2\/media?parent=1231"}],"curies":[{"name":"wp","href":"https:\/\/api.w.org\/{rel}","templated":true}]}}